{"id":17,"date":"2021-01-26T14:11:11","date_gmt":"2021-01-26T11:11:11","guid":{"rendered":"http:\/\/eryigittibbicihazlar.com\/?page_id=17"},"modified":"2022-01-07T10:16:53","modified_gmt":"2022-01-07T07:16:53","slug":"yardimci-msu-ekipmanlari","status":"publish","type":"page","link":"https:\/\/eryigittibbicihazlar.com\/tr\/urunler\/merkezi-sterilizasyon-unitesi\/yardimci-msu-ekipmanlari\/","title":{"rendered":"Yard\u0131mci MS\u00dc Ekipmanlar\u0131"},"content":{"rendered":"","protected":false},"excerpt":{"rendered":"","protected":false},"author":1,"featured_media":0,"parent":10,"menu_order":0,"comment_status":"closed","ping_status":"closed","template":"","meta":[],"_links":{"self":[{"href":"https:\/\/eryigittibbicihazlar.com\/tr\/wp-json\/wp\/v2\/pages\/17"}],"collection":[{"href":"https:\/\/eryigittibbicihazlar.com\/tr\/wp-json\/wp\/v2\/pages"}],"about":[{"href":"https:\/\/eryigittibbicihazlar.com\/tr\/wp-json\/wp\/v2\/types\/page"}],"author":[{"embeddable":true,"href":"https:\/\/eryigittibbicihazlar.com\/tr\/wp-json\/wp\/v2\/users\/1"}],"replies":[{"embeddable":true,"href":"https:\/\/eryigittibbicihazlar.com\/tr\/wp-json\/wp\/v2\/comments?post=17"}],"version-history":[{"count":5,"href":"https:\/\/eryigittibbicihazlar.com\/tr\/wp-json\/wp\/v2\/pages\/17\/revisions"}],"predecessor-version":[{"id":685,"href":"https:\/\/eryigittibbicihazlar.com\/tr\/wp-json\/wp\/v2\/pages\/17\/revisions\/685"}],"up":[{"embeddable":true,"href":"https:\/\/eryigittibbicihazlar.com\/tr\/wp-json\/wp\/v2\/pages\/10"}],"wp:attachment":[{"href":"https:\/\/eryigittibbicihazlar.com\/tr\/wp-json\/wp\/v2\/media?parent=17"}],"curies":[{"name":"wp","href":"https:\/\/api.w.org\/{rel}","templated":true}]}}